{"id":27,"date":"2024-02-26T12:00:03","date_gmt":"2024-02-26T11:00:03","guid":{"rendered":"https:\/\/enyonam.org\/?page_id=27"},"modified":"2024-03-10T10:03:53","modified_gmt":"2024-03-10T09:03:53","slug":"objectif-3","status":"publish","type":"page","link":"https:\/\/enyonam.org\/index.php\/objectif-3\/","title":{"rendered":"Avoir un m\u00e9tier"},"content":{"rendered":"\n<p><strong>R\u00e9pondre aux besoins du march\u00e9 du travail<\/strong><\/p>\n\n\n\n<p><strong>Notre association s&rsquo;engage \u00e0 aider les jeunes togolais \u00e0 trouver un emploi stable et r\u00e9mun\u00e9rateur en leur offrant des formations professionnelles adapt\u00e9es aux besoins du march\u00e9 du travail.<\/strong><\/p>\n\n\n\n<p><strong>Identification des secteurs porteurs<\/strong><\/p>\n\n\n\n<ul class=\"wp-block-list\">\n<li>Collaboration avec les entreprises locales<\/li>\n\n\n\n<li>Analyse des tendances \u00e9conomiques<\/li>\n<\/ul>\n\n\n\n<p><strong>Adaptation des programmes de formation<\/strong><\/p>\n\n\n\n<ul class=\"wp-block-list\">\n<li>D\u00e9veloppement de comp\u00e9tences sp\u00e9cifiques<\/li>\n\n\n\n<li>Mise en place de formations en alternance<\/li>\n<\/ul>\n\n\n\n<p><strong>Accompagner les jeunes vers l&#8217;emploi<\/strong><\/p>\n\n\n\n<p><strong>Mise en place de services d&rsquo;insertion professionnelle<\/strong><\/p>\n\n\n\n<ul class=\"wp-block-list\">\n<li>Conseils individualis\u00e9s<\/li>\n\n\n\n<li>Aide \u00e0 la recherche d&#8217;emploi<\/li>\n<\/ul>\n\n\n\n<p><strong>Promotion de l&rsquo;entrepreneuriat<\/strong><\/p>\n\n\n\n<ul class=\"wp-block-list\">\n<li>Encouragement \u00e0 la cr\u00e9ation d&rsquo;entreprises<\/li>\n\n\n\n<li>Soutien aux porteurs de projets<\/li>\n<\/ul>\n\n\n\n<p><strong>Favoriser l&rsquo;insertion sociale et professionnelle<\/strong><\/p>\n\n\n\n<p><strong>D\u00e9veloppement de partenariats avec les entreprises<\/strong><\/p>\n\n\n\n<ul class=\"wp-block-list\">\n<li>Mise en place de stages et d&rsquo;apprentissages<\/li>\n\n\n\n<li>Acc\u00e8s \u00e0 l&#8217;emploi pour les jeunes dipl\u00f4m\u00e9s<\/li>\n<\/ul>\n\n\n\n<p><strong>Accompagnement social et psychologique<\/strong><\/p>\n\n\n\n<ul class=\"wp-block-list\">\n<li>Aide \u00e0 la recherche de logement<\/li>\n\n\n\n<li>Soutien aux familles<\/li>\n<\/ul>\n","protected":false},"excerpt":{"rendered":"<p>R\u00e9pondre aux besoins du march\u00e9 du travail Notre association s&rsquo;engage \u00e0 aider les jeunes togolais \u00e0 trouver un emploi stable&hellip;<\/p>\n","protected":false},"author":1,"featured_media":88,"parent":0,"menu_order":0,"comment_status":"closed","ping_status":"closed","template":"","meta":{"give_campaign_id":0,"_monsterinsights_skip_tracking":false,"_monsterinsights_sitenote_active":false,"_monsterinsights_sitenote_note":"","_monsterinsights_sitenote_category":0,"footnotes":""},"class_list":["post-27","page","type-page","status-publish","has-post-thumbnail","hentry"],"aioseo_notices":[],"campaignId":"","_links":{"self":[{"href":"https:\/\/enyonam.org\/index.php\/wp-json\/wp\/v2\/pages\/27","targetHints":{"allow":["GET"]}}],"collection":[{"href":"https:\/\/enyonam.org\/index.php\/wp-json\/wp\/v2\/pages"}],"about":[{"href":"https:\/\/enyonam.org\/index.php\/wp-json\/wp\/v2\/types\/page"}],"author":[{"embeddable":true,"href":"https:\/\/enyonam.org\/index.php\/wp-json\/wp\/v2\/users\/1"}],"replies":[{"embeddable":true,"href":"https:\/\/enyonam.org\/index.php\/wp-json\/wp\/v2\/comments?post=27"}],"version-history":[{"count":2,"href":"https:\/\/enyonam.org\/index.php\/wp-json\/wp\/v2\/pages\/27\/revisions"}],"predecessor-version":[{"id":83,"href":"https:\/\/enyonam.org\/index.php\/wp-json\/wp\/v2\/pages\/27\/revisions\/83"}],"wp:featuredmedia":[{"embeddable":true,"href":"https:\/\/enyonam.org\/index.php\/wp-json\/wp\/v2\/media\/88"}],"wp:attachment":[{"href":"https:\/\/enyonam.org\/index.php\/wp-json\/wp\/v2\/media?parent=27"}],"curies":[{"name":"wp","href":"https:\/\/api.w.org\/{rel}","templated":true}]}}